{"id":51425,"date":"2024-11-15T10:43:37","date_gmt":"2024-11-15T09:43:37","guid":{"rendered":"https:\/\/www.globalcomposites.es\/productos\/industria\/"},"modified":"2024-11-26T01:57:31","modified_gmt":"2024-11-26T00:57:31","slug":"industria","status":"publish","type":"page","link":"https:\/\/www.globalcomposites.es\/en\/productos\/industria\/","title":{"rendered":"Productos por Industrias"},"content":{"rendered":"\t\t<div data-elementor-type=\"wp-page\" data-elementor-id=\"51425\" class=\"elementor elementor-51425 elementor-670\" data-elementor-post-type=\"page\">\n\t\t\t\t\t\t<section class=\"elementor-section elementor-top-section elementor-element elementor-element-f066278 elementor-section-boxed elementor-section-height-default elementor-section-height-default\" data-id=\"f066278\" data-element_type=\"section\">\n\t\t\t\t\t\t<div class=\"elementor-container elementor-column-gap-default\">\n\t\t\t\t\t<div class=\"elementor-column elementor-col-100 elementor-top-column elementor-element elementor-element-b8685d2\" data-id=\"b8685d2\" data-element_type=\"column\">\n\t\t\t<div class=\"elementor-widget-wrap elementor-element-populated\">\n\t\t\t\t\t\t<div class=\"elementor-element elementor-element-dde7af8 elementor-widget elementor-widget-section_hero_v2_widget\" data-id=\"dde7af8\" data-element_type=\"widget\" data-widget_type=\"section_hero_v2_widget.default\">\n\t\t\t\t<div class=\"elementor-widget-container\">\n\t\t\t\t\t<section\n  class=\"hero relative flex min-h-[calc(84vh-var(--header-h))] w-full overflow-hidden py-16 lg:py-21\"\n  \n  >\n  <div class=\"bg-darkGreen-100\/20 bg-blend-overlay bg-cover bg-center hero_img absolute inset-0\" data-wait-image=\"https:\/\/www.globalcomposites.es\/wp-content\/uploads\/2024\/11\/procesos-scaled.jpg\"\n  style=\"background-image: url('https:\/\/www.globalcomposites.es\/wp-content\/uploads\/2024\/11\/procesos-scaled.jpg');\"\n  class=\"hero_img absolute inset-0\" data-wait-image=\"https:\/\/www.globalcomposites.es\/wp-content\/uploads\/2024\/11\/procesos-scaled.jpg\">\n<\/div>\n\n  <svg class=\"hero_pattern pointer-events-none absolute left-0 top-0 h-full fill-green-100 lg:hidden\"\n    xmlns=\"http:\/\/www.w3.org\/2000\/svg\"\n    fill=\"none\"\n    viewBox=\"0 0 360 732\">\n    <path vector-effect=\"non-scaling-stroke\"\n      d=\"M280.452 0c30.661 72.459 43.861 144.661 39.969 214.45-7.072 126.835-70.609 245.995-188.957 344.516C85.171 597.503 41.442 625.827 0 645.424v2.209c41.868-19.692 86.024-48.237 132.743-87.129C316.512 407.523 368.853 204.603 282.623 0h-2.171Z\" \/>\n  <\/svg>\n\n  <svg class=\"hero_pattern pointer-events-none absolute left-0 top-0 hidden h-full fill-green-100 lg:block\"\n    xmlns=\"http:\/\/www.w3.org\/2000\/svg\"\n    fill=\"none\"\n    viewBox=\"0 0 998 792\">\n    <path vector-effect=\"non-scaling-stroke\"\n      d=\"M262.324 0h-2C255.722 205.728 172.561 399.773 0 557.074v2.703C173.888 401.884 257.709 206.832 262.324 0ZM0 785.656v2.056A551.694 551.694 0 0 0 19.599 792h10.739A546.606 546.606 0 0 1 0 785.656ZM220.996 792c128.83-22.398 270.175-90.802 427.029-221.377C846.331 405.54 963.045 209.604 995.811 0h2.025c-32.784 210.267-149.812 406.733-348.531 572.16C496.578 699.3 358.412 767.66 232.093 792h-11.097Z\" \/>\n  <\/svg>\n\n  <div class=\"container relative flex flex-1 items-end\">\n    <div class=\"hero_box relative rounded-24 bg-darkGreen-100\/90 p-6 text-white md:max-w-[50%] lg:p-9\">\n      <div class=\"hero_box-inner\">\n                  <div class=\"flex flex-wrap items-center gap-2 mb-9 lg:mb-12\" class=\"mb-9 lg:mb-12\">\n                          <a class=\"inline-flex items-center gap-2 text-14\/24 font-regular transition-colors lg:inline text-white hover:text-green-100 hidden\" href=\"https:\/\/www.globalcomposites.es\/home\/\">\n                    Home\n        <\/a>\n        <svg xmlns=\"http:\/\/www.w3.org\/2000\/svg\"\n  viewBox=\"0 0 9 9\"\n  width=\"9\"\n  height=\"9\"\n  fill=\"none\"\n  aria-hidden=\"true\" class=\"hidden lg:inline text-grey-100\/60\"\n  class=\"hidden lg:inline text-grey-100\/60\">\n  <path d=\"M3 0.942871L6.52862 4.48496L3 8.00011\" stroke=\"currentcolor\" stroke-width=\"1.4\"\/>\n<\/svg>\n                                <a class=\"inline-flex items-center gap-2 text-14\/24 font-regular transition-colors lg:inline text-white hover:text-green-100 \" href=\"https:\/\/www.globalcomposites.es\/productos\/\">\n                      <svg xmlns=\"http:\/\/www.w3.org\/2000\/svg\"\n  viewBox=\"0 0 9 9\"\n  width=\"9\"\n  height=\"9\"\n  fill=\"none\"\n  aria-hidden=\"true\" class=\"lg:hidden\"\n  class=\"lg:hidden\">\n  <path d=\"M6 8.057 2.471 4.515 6 1\" stroke=\"currentcolor\" stroke-width=\"1.4\"\/>\n<\/svg>\n                    Productos\n        <\/a>\n        <svg xmlns=\"http:\/\/www.w3.org\/2000\/svg\"\n  viewBox=\"0 0 9 9\"\n  width=\"9\"\n  height=\"9\"\n  fill=\"none\"\n  aria-hidden=\"true\" class=\"hidden lg:inline text-darkGreen-50\/60\"\n  class=\"hidden lg:inline text-darkGreen-50\/60\">\n  <path d=\"M3 0.942871L6.52862 4.48496L3 8.00011\" stroke=\"currentcolor\" stroke-width=\"1.4\"\/>\n<\/svg>\n                        <span class=\"hidden text-14\/24 font-regular lg:inline text-grey-100\/60\">Por Industria<\/span>\n            <\/div>\n        \n        <div class=\"space-y-3 lg:space-y-4\">\n                      <p class=\"body font-regular text-grey-100\"><\/p>\n          \n                      <h1 class=\"heading-1 text-green-100\">Productos para composites para cada industria<\/h1>\n          \n                      <p class=\"subheading text-grey-25\"><\/p>\n          \n                      <p class=\"body text-grey-25\"><\/p>\n                  <\/div>\n\n              <\/div>\n    <\/div>\n  <\/div>\n<\/section>\n\t\t\t\t<\/div>\n\t\t\t\t<\/div>\n\t\t\t\t\t<\/div>\n\t\t<\/div>\n\t\t\t\t\t<\/div>\n\t\t<\/section>\n\t\t\t\t<\/div>\n\t\t","protected":false},"excerpt":{"rendered":"<p>Home Productos Por Industria Productos para composites para cada industria<\/p>\n","protected":false},"author":1,"featured_media":0,"parent":51280,"menu_order":0,"comment_status":"closed","ping_status":"closed","template":"template-elementor-category-products.blade.php","meta":{"_acf_changed":false,"inline_featured_image":false,"footnotes":""},"class_list":["post-51425","page","type-page","status-publish","hentry"],"acf":[],"yoast_head":"<!-- This site is optimized with the Yoast SEO plugin v26.6 - https:\/\/yoast.com\/wordpress\/plugins\/seo\/ -->\n<title>Productos para composites seg\u00fan su proceso de aplicaci\u00f3n<\/title>\n<meta name=\"description\" content=\"Explora las soluciones de materiales compuestos seg\u00fan su sector: Naval, Ferroviario, Qu\u00edmico, Construcci\u00f3n, Aeron\u00e1nutico, Automoci\u00f3n, Deportes o Energ\u00eda.\" \/>\n<meta name=\"robots\" content=\"index, follow, max-snippet:-1, max-image-preview:large, max-video-preview:-1\" \/>\n<link rel=\"canonical\" href=\"https:\/\/www.globalcomposites.es\/en\/productos\/industria\/\" \/>\n<meta property=\"og:locale\" content=\"en_US\" \/>\n<meta property=\"og:type\" content=\"article\" \/>\n<meta property=\"og:title\" content=\"Productos para composites seg\u00fan su proceso de aplicaci\u00f3n\" \/>\n<meta property=\"og:description\" content=\"Explora las soluciones de materiales compuestos seg\u00fan su sector: Naval, Ferroviario, Qu\u00edmico, Construcci\u00f3n, Aeron\u00e1nutico, Automoci\u00f3n, Deportes o Energ\u00eda.\" \/>\n<meta property=\"og:url\" content=\"https:\/\/www.globalcomposites.es\/en\/productos\/industria\/\" \/>\n<meta property=\"og:site_name\" content=\"Global Composites\" \/>\n<meta property=\"article:publisher\" content=\"https:\/\/www.facebook.com\/globalcomposites.es\" \/>\n<meta property=\"article:modified_time\" content=\"2024-11-26T00:57:31+00:00\" \/>\n<meta name=\"twitter:card\" content=\"summary_large_image\" \/>\n<meta name=\"twitter:site\" content=\"@Glo_Composites\" \/>\n<!-- \/ Yoast SEO plugin. -->","yoast_head_json":{"title":"Productos para composites seg\u00fan su proceso de aplicaci\u00f3n","description":"Explora las soluciones de materiales compuestos seg\u00fan su sector: Naval, Ferroviario, Qu\u00edmico, Construcci\u00f3n, Aeron\u00e1nutico, Automoci\u00f3n, Deportes o Energ\u00eda.","robots":{"index":"index","follow":"follow","max-snippet":"max-snippet:-1","max-image-preview":"max-image-preview:large","max-video-preview":"max-video-preview:-1"},"canonical":"https:\/\/www.globalcomposites.es\/en\/productos\/industria\/","og_locale":"en_US","og_type":"article","og_title":"Productos para composites seg\u00fan su proceso de aplicaci\u00f3n","og_description":"Explora las soluciones de materiales compuestos seg\u00fan su sector: Naval, Ferroviario, Qu\u00edmico, Construcci\u00f3n, Aeron\u00e1nutico, Automoci\u00f3n, Deportes o Energ\u00eda.","og_url":"https:\/\/www.globalcomposites.es\/en\/productos\/industria\/","og_site_name":"Global Composites","article_publisher":"https:\/\/www.facebook.com\/globalcomposites.es","article_modified_time":"2024-11-26T00:57:31+00:00","twitter_card":"summary_large_image","twitter_site":"@Glo_Composites","schema":{"@context":"https:\/\/schema.org","@graph":[{"@type":"WebPage","@id":"https:\/\/www.globalcomposites.es\/en\/productos\/industria\/","url":"https:\/\/www.globalcomposites.es\/en\/productos\/industria\/","name":"Productos para composites seg\u00fan su proceso de aplicaci\u00f3n","isPartOf":{"@id":"https:\/\/www.globalcomposites.es\/en\/#website"},"datePublished":"2024-11-15T09:43:37+00:00","dateModified":"2024-11-26T00:57:31+00:00","description":"Explora las soluciones de materiales compuestos seg\u00fan su sector: Naval, Ferroviario, Qu\u00edmico, Construcci\u00f3n, Aeron\u00e1nutico, Automoci\u00f3n, Deportes o Energ\u00eda.","breadcrumb":{"@id":"https:\/\/www.globalcomposites.es\/en\/productos\/industria\/#breadcrumb"},"inLanguage":"en-US","potentialAction":[{"@type":"ReadAction","target":["https:\/\/www.globalcomposites.es\/en\/productos\/industria\/"]}]},{"@type":"BreadcrumbList","@id":"https:\/\/www.globalcomposites.es\/en\/productos\/industria\/#breadcrumb","itemListElement":[{"@type":"ListItem","position":1,"name":"Home","item":"https:\/\/www.globalcomposites.es\/en\/"},{"@type":"ListItem","position":2,"name":"Products","item":"https:\/\/www.globalcomposites.es\/en\/productos\/"},{"@type":"ListItem","position":3,"name":"Productos por Industrias"}]},{"@type":"WebSite","@id":"https:\/\/www.globalcomposites.es\/en\/#website","url":"https:\/\/www.globalcomposites.es\/en\/","name":"[DEV] Global Composites","description":"","publisher":{"@id":"https:\/\/www.globalcomposites.es\/en\/#organization"},"potentialAction":[{"@type":"SearchAction","target":{"@type":"EntryPoint","urlTemplate":"https:\/\/www.globalcomposites.es\/en\/?s={search_term_string}"},"query-input":{"@type":"PropertyValueSpecification","valueRequired":true,"valueName":"search_term_string"}}],"inLanguage":"en-US"},{"@type":"Organization","@id":"https:\/\/www.globalcomposites.es\/en\/#organization","name":"[DEV] Global Composites","url":"https:\/\/www.globalcomposites.es\/en\/","logo":{"@type":"ImageObject","inLanguage":"en-US","@id":"https:\/\/www.globalcomposites.es\/en\/#\/schema\/logo\/image\/","url":"https:\/\/www.globalcomposites.es\/wp-content\/uploads\/2024\/11\/logo.svg","contentUrl":"https:\/\/www.globalcomposites.es\/wp-content\/uploads\/2024\/11\/logo.svg","width":200,"height":68,"caption":"[DEV] Global Composites"},"image":{"@id":"https:\/\/www.globalcomposites.es\/en\/#\/schema\/logo\/image\/"},"sameAs":["https:\/\/www.facebook.com\/globalcomposites.es","https:\/\/x.com\/Glo_Composites","https:\/\/www.instagram.com\/globalcomposites\/","https:\/\/www.linkedin.com\/company\/global-composites-europe\/"]}]}},"_links":{"self":[{"href":"https:\/\/www.globalcomposites.es\/en\/wp-json\/wp\/v2\/pages\/51425","targetHints":{"allow":["GET"]}}],"collection":[{"href":"https:\/\/www.globalcomposites.es\/en\/wp-json\/wp\/v2\/pages"}],"about":[{"href":"https:\/\/www.globalcomposites.es\/en\/wp-json\/wp\/v2\/types\/page"}],"author":[{"embeddable":true,"href":"https:\/\/www.globalcomposites.es\/en\/wp-json\/wp\/v2\/users\/1"}],"replies":[{"embeddable":true,"href":"https:\/\/www.globalcomposites.es\/en\/wp-json\/wp\/v2\/comments?post=51425"}],"version-history":[{"count":1,"href":"https:\/\/www.globalcomposites.es\/en\/wp-json\/wp\/v2\/pages\/51425\/revisions"}],"predecessor-version":[{"id":51426,"href":"https:\/\/www.globalcomposites.es\/en\/wp-json\/wp\/v2\/pages\/51425\/revisions\/51426"}],"up":[{"embeddable":true,"href":"https:\/\/www.globalcomposites.es\/en\/wp-json\/wp\/v2\/pages\/51280"}],"wp:attachment":[{"href":"https:\/\/www.globalcomposites.es\/en\/wp-json\/wp\/v2\/media?parent=51425"}],"curies":[{"name":"wp","href":"https:\/\/api.w.org\/{rel}","templated":true}]}}