{"id":51747,"date":"2024-11-20T21:16:28","date_gmt":"2024-11-20T20:16:28","guid":{"rendered":"https:\/\/www.globalcomposites.es\/productos\/marca\/incom\/"},"modified":"2024-11-26T02:08:03","modified_gmt":"2024-11-26T01:08:03","slug":"incom","status":"publish","type":"page","link":"https:\/\/www.globalcomposites.es\/en\/productos\/marca\/incom\/","title":{"rendered":"Incom"},"content":{"rendered":"\t\t<div data-elementor-type=\"wp-page\" data-elementor-id=\"51747\" class=\"elementor elementor-51747 elementor-1368\" data-elementor-post-type=\"page\">\n\t\t\t\t\t\t<section class=\"elementor-section elementor-top-section elementor-element elementor-element-9211db8 elementor-section-boxed elementor-section-height-default elementor-section-height-default\" data-id=\"9211db8\" data-element_type=\"section\">\n\t\t\t\t\t\t<div class=\"elementor-container elementor-column-gap-default\">\n\t\t\t\t\t<div class=\"elementor-column elementor-col-100 elementor-top-column elementor-element elementor-element-8c7ea31\" data-id=\"8c7ea31\" data-element_type=\"column\">\n\t\t\t<div class=\"elementor-widget-wrap elementor-element-populated\">\n\t\t\t\t\t\t<div class=\"elementor-element elementor-element-81a34c7 elementor-widget elementor-widget-header_text_logo_widget\" data-id=\"81a34c7\" data-element_type=\"widget\" data-widget_type=\"header_text_logo_widget.default\">\n\t\t\t\t<div class=\"elementor-widget-container\">\n\t\t\t\t\t<section class=\"isolate pt-6 lg:pt-9 bg-white mb-12\"\n  class=\"bg-white mb-12\">\n  <div class=\"container\">\n\n    <div class=\"flex flex-wrap items-center gap-2 mb-6 lg:col-start-1 lg:mb-9\" class=\"mb-6 lg:col-start-1 lg:mb-9\">\n                          <a class=\"inline-flex items-center gap-2 text-14\/24 font-regular transition-colors lg:inline text-darkGreen-100 hover:text-green-100 hidden\" href=\"https:\/\/www.globalcomposites.es\/home\/\">\n                    Inicio\n        <\/a>\n        <svg xmlns=\"http:\/\/www.w3.org\/2000\/svg\"\n  viewBox=\"0 0 9 9\"\n  width=\"9\"\n  height=\"9\"\n  fill=\"none\"\n  aria-hidden=\"true\" class=\"hidden lg:inline text-darkGreen-50\/60\"\n  class=\"hidden lg:inline text-darkGreen-50\/60\">\n  <path d=\"M3 0.942871L6.52862 4.48496L3 8.00011\" stroke=\"currentcolor\" stroke-width=\"1.4\"\/>\n<\/svg>\n                                <a class=\"inline-flex items-center gap-2 text-14\/24 font-regular transition-colors lg:inline text-darkGreen-100 hover:text-green-100 \" href=\"https:\/\/www.globalcomposites.es\/productos\/marca\/\">\n                      <svg xmlns=\"http:\/\/www.w3.org\/2000\/svg\"\n  viewBox=\"0 0 9 9\"\n  width=\"9\"\n  height=\"9\"\n  fill=\"none\"\n  aria-hidden=\"true\" class=\"lg:hidden\"\n  class=\"lg:hidden\">\n  <path d=\"M6 8.057 2.471 4.515 6 1\" stroke=\"currentcolor\" stroke-width=\"1.4\"\/>\n<\/svg>\n                    Por marca\n        <\/a>\n        <svg xmlns=\"http:\/\/www.w3.org\/2000\/svg\"\n  viewBox=\"0 0 9 9\"\n  width=\"9\"\n  height=\"9\"\n  fill=\"none\"\n  aria-hidden=\"true\" class=\"hidden lg:inline text-darkGreen-100\/50\"\n  class=\"hidden lg:inline text-darkGreen-100\/50\">\n  <path d=\"M3 0.942871L6.52862 4.48496L3 8.00011\" stroke=\"currentcolor\" stroke-width=\"1.4\"\/>\n<\/svg>\n                        <span class=\"hidden text-14\/24 font-regular lg:inline text-darkGreen-100\/50\">Swancor<\/span>\n            <\/div>\n\n    <div class=\"lg:flex lg:justify-between lg:gap-x-27\">\n      <div class=\"space-y-3 lg:w-1\/2 lg:space-y-4 \">\n        <h1 class=\"heading-1\">Kitting, Fibras y Material de Vac\u00edo Incom<\/h1>\n        <h2 class=\"subheading\"><\/h2>\n        <div class=\"body lg:space-y-4 lg:space-y-6\">\n            Incom es una ingenier\u00eda espa\u00f1ola especializada en dise\u00f1o y fabricaci\u00f3n de kits de materiales compuestos con m\u00e1s de 20 a\u00f1os de experiencia.<br><br>Su servicio de kitting optimiza el proceso de producci\u00f3n, asegurando precisi\u00f3n y eficiencia. Las fibras de Incom, conocidas por su resistencia y flexibilidad, se adaptan a diversas aplicaciones industriales. Adem\u00e1s, sus materiales de vac\u00edo garantizan una laminaci\u00f3n perfecta y sin defectos.\n        <\/div>\n        <p class=\"body font-medium\"><\/p>\n      <\/div>\n            <img decoding=\"async\" class=\"mt-9 h-12 object-contain lg:mt-0 lg:h-17 \"\n        src=\"https:\/\/www.globalcomposites.es\/wp-content\/uploads\/2024\/11\/incom-logo.svg\"\n        alt=\"Swancor\" \/>\n            <\/div>\n\n  <\/div>\n<\/section>\n\t\t\t\t<\/div>\n\t\t\t\t<\/div>\n\t\t\t\t\t<\/div>\n\t\t<\/div>\n\t\t\t\t\t<\/div>\n\t\t<\/section>\n\t\t\t\t<\/div>\n\t\t","protected":false},"excerpt":{"rendered":"<p>Inicio Por marca Swancor Kitting, Fibras y Material de Vac\u00edo Incom Incom es una ingenier\u00eda espa\u00f1ola especializada en dise\u00f1o y fabricaci\u00f3n de kits de materiales compuestos con m\u00e1s de 20 a\u00f1os de experiencia. Su servicio de kitting optimiza el proceso de producci\u00f3n, asegurando precisi\u00f3n y eficiencia. Las fibras de Incom, conocidas por su resistencia y &hellip; <a href=\"https:\/\/www.globalcomposites.es\/en\/productos\/marca\/incom\/\">Continued<\/a><\/p>\n","protected":false},"author":1,"featured_media":0,"parent":51621,"menu_order":0,"comment_status":"closed","ping_status":"closed","template":"template-elementor-subcategory-products.blade.php","meta":{"_acf_changed":false,"inline_featured_image":false,"footnotes":""},"class_list":["post-51747","page","type-page","status-publish","hentry"],"acf":[],"yoast_head":"<!-- This site is optimized with the Yoast SEO plugin v26.6 - https:\/\/yoast.com\/wordpress\/plugins\/seo\/ -->\n<title>Kitting, Fibras y Material de Vac\u00edo Incom para Materiales Compuestos<\/title>\n<meta name=\"description\" content=\"Conoce los productos de Incom, ingenier\u00eda espa\u00f1ola especializada en dise\u00f1o y fabricaci\u00f3n de kits de materiales compuestos con m\u00e1s de 20 a\u00f1os de experiencia.\" \/>\n<meta name=\"robots\" content=\"index, follow, max-snippet:-1, max-image-preview:large, max-video-preview:-1\" \/>\n<link rel=\"canonical\" href=\"https:\/\/www.globalcomposites.es\/en\/productos\/marca\/incom\/\" \/>\n<meta property=\"og:locale\" content=\"en_US\" \/>\n<meta property=\"og:type\" content=\"article\" \/>\n<meta property=\"og:title\" content=\"Kitting, Fibras y Material de Vac\u00edo Incom para Materiales Compuestos\" \/>\n<meta property=\"og:description\" content=\"Conoce los productos de Incom, ingenier\u00eda espa\u00f1ola especializada en dise\u00f1o y fabricaci\u00f3n de kits de materiales compuestos con m\u00e1s de 20 a\u00f1os de experiencia.\" \/>\n<meta property=\"og:url\" content=\"https:\/\/www.globalcomposites.es\/en\/productos\/marca\/incom\/\" \/>\n<meta property=\"og:site_name\" content=\"Global Composites\" \/>\n<meta property=\"article:publisher\" content=\"https:\/\/www.facebook.com\/globalcomposites.es\" \/>\n<meta property=\"article:modified_time\" content=\"2024-11-26T01:08:03+00:00\" \/>\n<meta name=\"twitter:card\" content=\"summary_large_image\" \/>\n<meta name=\"twitter:site\" content=\"@Glo_Composites\" \/>\n<!-- \/ Yoast SEO plugin. -->","yoast_head_json":{"title":"Kitting, Fibras y Material de Vac\u00edo Incom para Materiales Compuestos","description":"Conoce los productos de Incom, ingenier\u00eda espa\u00f1ola especializada en dise\u00f1o y fabricaci\u00f3n de kits de materiales compuestos con m\u00e1s de 20 a\u00f1os de experiencia.","robots":{"index":"index","follow":"follow","max-snippet":"max-snippet:-1","max-image-preview":"max-image-preview:large","max-video-preview":"max-video-preview:-1"},"canonical":"https:\/\/www.globalcomposites.es\/en\/productos\/marca\/incom\/","og_locale":"en_US","og_type":"article","og_title":"Kitting, Fibras y Material de Vac\u00edo Incom para Materiales Compuestos","og_description":"Conoce los productos de Incom, ingenier\u00eda espa\u00f1ola especializada en dise\u00f1o y fabricaci\u00f3n de kits de materiales compuestos con m\u00e1s de 20 a\u00f1os de experiencia.","og_url":"https:\/\/www.globalcomposites.es\/en\/productos\/marca\/incom\/","og_site_name":"Global Composites","article_publisher":"https:\/\/www.facebook.com\/globalcomposites.es","article_modified_time":"2024-11-26T01:08:03+00:00","twitter_card":"summary_large_image","twitter_site":"@Glo_Composites","schema":{"@context":"https:\/\/schema.org","@graph":[{"@type":"WebPage","@id":"https:\/\/www.globalcomposites.es\/en\/productos\/marca\/incom\/","url":"https:\/\/www.globalcomposites.es\/en\/productos\/marca\/incom\/","name":"Kitting, Fibras y Material de Vac\u00edo Incom para Materiales Compuestos","isPartOf":{"@id":"https:\/\/www.globalcomposites.es\/en\/#website"},"datePublished":"2024-11-20T20:16:28+00:00","dateModified":"2024-11-26T01:08:03+00:00","description":"Conoce los productos de Incom, ingenier\u00eda espa\u00f1ola especializada en dise\u00f1o y fabricaci\u00f3n de kits de materiales compuestos con m\u00e1s de 20 a\u00f1os de experiencia.","breadcrumb":{"@id":"https:\/\/www.globalcomposites.es\/en\/productos\/marca\/incom\/#breadcrumb"},"inLanguage":"en-US","potentialAction":[{"@type":"ReadAction","target":["https:\/\/www.globalcomposites.es\/en\/productos\/marca\/incom\/"]}]},{"@type":"BreadcrumbList","@id":"https:\/\/www.globalcomposites.es\/en\/productos\/marca\/incom\/#breadcrumb","itemListElement":[{"@type":"ListItem","position":1,"name":"Home","item":"https:\/\/www.globalcomposites.es\/en\/"},{"@type":"ListItem","position":2,"name":"Products","item":"https:\/\/www.globalcomposites.es\/en\/productos\/"},{"@type":"ListItem","position":3,"name":"Productos por marcas","item":"https:\/\/www.globalcomposites.es\/en\/productos\/marca\/"},{"@type":"ListItem","position":4,"name":"Incom"}]},{"@type":"WebSite","@id":"https:\/\/www.globalcomposites.es\/en\/#website","url":"https:\/\/www.globalcomposites.es\/en\/","name":"[DEV] Global Composites","description":"","publisher":{"@id":"https:\/\/www.globalcomposites.es\/en\/#organization"},"potentialAction":[{"@type":"SearchAction","target":{"@type":"EntryPoint","urlTemplate":"https:\/\/www.globalcomposites.es\/en\/?s={search_term_string}"},"query-input":{"@type":"PropertyValueSpecification","valueRequired":true,"valueName":"search_term_string"}}],"inLanguage":"en-US"},{"@type":"Organization","@id":"https:\/\/www.globalcomposites.es\/en\/#organization","name":"[DEV] Global Composites","url":"https:\/\/www.globalcomposites.es\/en\/","logo":{"@type":"ImageObject","inLanguage":"en-US","@id":"https:\/\/www.globalcomposites.es\/en\/#\/schema\/logo\/image\/","url":"https:\/\/www.globalcomposites.es\/wp-content\/uploads\/2024\/11\/logo.svg","contentUrl":"https:\/\/www.globalcomposites.es\/wp-content\/uploads\/2024\/11\/logo.svg","width":200,"height":68,"caption":"[DEV] Global Composites"},"image":{"@id":"https:\/\/www.globalcomposites.es\/en\/#\/schema\/logo\/image\/"},"sameAs":["https:\/\/www.facebook.com\/globalcomposites.es","https:\/\/x.com\/Glo_Composites","https:\/\/www.instagram.com\/globalcomposites\/","https:\/\/www.linkedin.com\/company\/global-composites-europe\/"]}]}},"_links":{"self":[{"href":"https:\/\/www.globalcomposites.es\/en\/wp-json\/wp\/v2\/pages\/51747","targetHints":{"allow":["GET"]}}],"collection":[{"href":"https:\/\/www.globalcomposites.es\/en\/wp-json\/wp\/v2\/pages"}],"about":[{"href":"https:\/\/www.globalcomposites.es\/en\/wp-json\/wp\/v2\/types\/page"}],"author":[{"embeddable":true,"href":"https:\/\/www.globalcomposites.es\/en\/wp-json\/wp\/v2\/users\/1"}],"replies":[{"embeddable":true,"href":"https:\/\/www.globalcomposites.es\/en\/wp-json\/wp\/v2\/comments?post=51747"}],"version-history":[{"count":1,"href":"https:\/\/www.globalcomposites.es\/en\/wp-json\/wp\/v2\/pages\/51747\/revisions"}],"predecessor-version":[{"id":51748,"href":"https:\/\/www.globalcomposites.es\/en\/wp-json\/wp\/v2\/pages\/51747\/revisions\/51748"}],"up":[{"embeddable":true,"href":"https:\/\/www.globalcomposites.es\/en\/wp-json\/wp\/v2\/pages\/51621"}],"wp:attachment":[{"href":"https:\/\/www.globalcomposites.es\/en\/wp-json\/wp\/v2\/media?parent=51747"}],"curies":[{"name":"wp","href":"https:\/\/api.w.org\/{rel}","templated":true}]}}