{"id":51641,"date":"2024-11-20T21:15:33","date_gmt":"2024-11-20T20:15:33","guid":{"rendered":"https:\/\/www.globalcomposites.es\/productos\/marca\/diab\/"},"modified":"2024-11-26T02:05:30","modified_gmt":"2024-11-26T01:05:30","slug":"diab","status":"publish","type":"page","link":"https:\/\/www.globalcomposites.es\/fr\/productos\/marca\/diab\/","title":{"rendered":"Diab"},"content":{"rendered":"\t\t<div data-elementor-type=\"wp-page\" data-elementor-id=\"51641\" class=\"elementor elementor-51641 elementor-1365\" data-elementor-post-type=\"page\">\n\t\t\t\t\t\t<section class=\"elementor-section elementor-top-section elementor-element elementor-element-b6177e5 elementor-section-boxed elementor-section-height-default elementor-section-height-default\" data-id=\"b6177e5\" data-element_type=\"section\">\n\t\t\t\t\t\t<div class=\"elementor-container elementor-column-gap-default\">\n\t\t\t\t\t<div class=\"elementor-column elementor-col-100 elementor-top-column elementor-element elementor-element-b6bdbdb\" data-id=\"b6bdbdb\" data-element_type=\"column\">\n\t\t\t<div class=\"elementor-widget-wrap elementor-element-populated\">\n\t\t\t\t\t\t<div class=\"elementor-element elementor-element-02d2bc7 elementor-widget elementor-widget-header_text_logo_widget\" data-id=\"02d2bc7\" data-element_type=\"widget\" data-widget_type=\"header_text_logo_widget.default\">\n\t\t\t\t<div class=\"elementor-widget-container\">\n\t\t\t\t\t<section class=\"isolate pt-6 lg:pt-9 bg-white mb-12\"\n  class=\"bg-white mb-12\">\n  <div class=\"container\">\n\n    <div class=\"flex flex-wrap items-center gap-2 mb-6 lg:col-start-1 lg:mb-9\" class=\"mb-6 lg:col-start-1 lg:mb-9\">\n                          <a class=\"inline-flex items-center gap-2 text-14\/24 font-regular transition-colors lg:inline text-darkGreen-100 hover:text-green-100 hidden\" href=\"https:\/\/www.globalcomposites.es\/home\/\">\n                    Inicio\n        <\/a>\n        <svg xmlns=\"http:\/\/www.w3.org\/2000\/svg\"\n  viewBox=\"0 0 9 9\"\n  width=\"9\"\n  height=\"9\"\n  fill=\"none\"\n  aria-hidden=\"true\" class=\"hidden lg:inline text-darkGreen-50\/60\"\n  class=\"hidden lg:inline text-darkGreen-50\/60\">\n  <path d=\"M3 0.942871L6.52862 4.48496L3 8.00011\" stroke=\"currentcolor\" stroke-width=\"1.4\"\/>\n<\/svg>\n                                <a class=\"inline-flex items-center gap-2 text-14\/24 font-regular transition-colors lg:inline text-darkGreen-100 hover:text-green-100 \" href=\"https:\/\/www.globalcomposites.es\/productos\/marca\/\">\n                      <svg xmlns=\"http:\/\/www.w3.org\/2000\/svg\"\n  viewBox=\"0 0 9 9\"\n  width=\"9\"\n  height=\"9\"\n  fill=\"none\"\n  aria-hidden=\"true\" class=\"lg:hidden\"\n  class=\"lg:hidden\">\n  <path d=\"M6 8.057 2.471 4.515 6 1\" stroke=\"currentcolor\" stroke-width=\"1.4\"\/>\n<\/svg>\n                    Por marca\n        <\/a>\n        <svg xmlns=\"http:\/\/www.w3.org\/2000\/svg\"\n  viewBox=\"0 0 9 9\"\n  width=\"9\"\n  height=\"9\"\n  fill=\"none\"\n  aria-hidden=\"true\" class=\"hidden lg:inline text-darkGreen-100\/50\"\n  class=\"hidden lg:inline text-darkGreen-100\/50\">\n  <path d=\"M3 0.942871L6.52862 4.48496L3 8.00011\" stroke=\"currentcolor\" stroke-width=\"1.4\"\/>\n<\/svg>\n                        <span class=\"hidden text-14\/24 font-regular lg:inline text-darkGreen-100\/50\">Diab<\/span>\n            <\/div>\n\n    <div class=\"lg:flex lg:justify-between lg:gap-x-27\">\n      <div class=\"space-y-3 lg:w-1\/2 lg:space-y-4 \">\n        <h1 class=\"heading-1\">N\u00facleos Diab<\/h1>\n        <h2 class=\"subheading\"><\/h2>\n        <div class=\"body lg:space-y-4 lg:space-y-6\">\n            A la vanguardia en soluciones de n\u00facleos de espuma con productos ligeros, resistentes y sostenibles desde 1950.<br><br>Diab es el proveedor l\u00edder mundial de n\u00facleos para composites de alto rendimiento, con una presencia global y una trayectoria de m\u00e1s de 70 a\u00f1os en la industria.<br><br>Originaria de Suecia, la marca destaca por su compromiso con la innovaci\u00f3n tecnol\u00f3gica y la sostenibilidad. Sus productos no solo ofrecen una combinaci\u00f3n \u00f3ptima de resistencia y ligereza, sino tambi\u00e9n una excelente capacidad de absorci\u00f3n de impactos y resistencia a la humedad.\n        <\/div>\n        <p class=\"body font-medium\"><\/p>\n      <\/div>\n            <img decoding=\"async\" class=\"mt-9 h-12 object-contain lg:mt-0 lg:h-17 \"\n        src=\"https:\/\/www.globalcomposites.es\/wp-content\/uploads\/2024\/11\/diab.svg\"\n        alt=\"Always the core of your solution\" \/>\n            <\/div>\n\n  <\/div>\n<\/section>\n\t\t\t\t<\/div>\n\t\t\t\t<\/div>\n\t\t\t\t\t<\/div>\n\t\t<\/div>\n\t\t\t\t\t<\/div>\n\t\t<\/section>\n\t\t\t\t<\/div>\n\t\t","protected":false},"excerpt":{"rendered":"<p>Inicio Por marca Diab N\u00facleos Diab Always the core of your solution A la vanguardia en soluciones de n\u00facleos de espuma con productos ligeros, resistentes y sostenibles desde 1950. Diab es el proveedor l\u00edder mundial de n\u00facleos para composites de alto rendimiento, con una presencia global y una trayectoria de m\u00e1s de 70 a\u00f1os en &hellip; <a href=\"https:\/\/www.globalcomposites.es\/fr\/productos\/marca\/diab\/\">Continued<\/a><\/p>\n","protected":false},"author":1,"featured_media":0,"parent":51623,"menu_order":0,"comment_status":"closed","ping_status":"closed","template":"template-elementor-subcategory-products.blade.php","meta":{"_acf_changed":false,"inline_featured_image":false,"footnotes":""},"class_list":["post-51641","page","type-page","status-publish","hentry"],"acf":[],"yoast_head":"<!-- This site is optimized with the Yoast SEO plugin v26.6 - https:\/\/yoast.com\/wordpress\/plugins\/seo\/ -->\n<title>N\u00facleos Diab para Materiales Compuestos | Global Composites<\/title>\n<meta name=\"description\" content=\"Conoce los productos de Diab, proveedor l\u00edder de n\u00facleos para composites de alto rendimiento, con una trayectoria de m\u00e1s de 70 a\u00f1os en la industria.\" \/>\n<meta name=\"robots\" content=\"index, follow, max-snippet:-1, max-image-preview:large, max-video-preview:-1\" \/>\n<link rel=\"canonical\" href=\"https:\/\/www.globalcomposites.es\/fr\/productos\/marca\/diab\/\" \/>\n<meta property=\"og:locale\" content=\"fr_FR\" \/>\n<meta property=\"og:type\" content=\"article\" \/>\n<meta property=\"og:title\" content=\"N\u00facleos Diab para Materiales Compuestos | Global Composites\" \/>\n<meta property=\"og:description\" content=\"Conoce los productos de Diab, proveedor l\u00edder de n\u00facleos para composites de alto rendimiento, con una trayectoria de m\u00e1s de 70 a\u00f1os en la industria.\" \/>\n<meta property=\"og:url\" content=\"https:\/\/www.globalcomposites.es\/fr\/productos\/marca\/diab\/\" \/>\n<meta property=\"og:site_name\" content=\"Global Composites\" \/>\n<meta property=\"article:publisher\" content=\"https:\/\/www.facebook.com\/globalcomposites.es\" \/>\n<meta property=\"article:modified_time\" content=\"2024-11-26T01:05:30+00:00\" \/>\n<meta name=\"twitter:card\" content=\"summary_large_image\" \/>\n<meta name=\"twitter:site\" content=\"@Glo_Composites\" \/>\n<!-- \/ Yoast SEO plugin. -->","yoast_head_json":{"title":"N\u00facleos Diab para Materiales Compuestos | Global Composites","description":"Conoce los productos de Diab, proveedor l\u00edder de n\u00facleos para composites de alto rendimiento, con una trayectoria de m\u00e1s de 70 a\u00f1os en la industria.","robots":{"index":"index","follow":"follow","max-snippet":"max-snippet:-1","max-image-preview":"max-image-preview:large","max-video-preview":"max-video-preview:-1"},"canonical":"https:\/\/www.globalcomposites.es\/fr\/productos\/marca\/diab\/","og_locale":"fr_FR","og_type":"article","og_title":"N\u00facleos Diab para Materiales Compuestos | Global Composites","og_description":"Conoce los productos de Diab, proveedor l\u00edder de n\u00facleos para composites de alto rendimiento, con una trayectoria de m\u00e1s de 70 a\u00f1os en la industria.","og_url":"https:\/\/www.globalcomposites.es\/fr\/productos\/marca\/diab\/","og_site_name":"Global Composites","article_publisher":"https:\/\/www.facebook.com\/globalcomposites.es","article_modified_time":"2024-11-26T01:05:30+00:00","twitter_card":"summary_large_image","twitter_site":"@Glo_Composites","schema":{"@context":"https:\/\/schema.org","@graph":[{"@type":"WebPage","@id":"https:\/\/www.globalcomposites.es\/fr\/productos\/marca\/diab\/","url":"https:\/\/www.globalcomposites.es\/fr\/productos\/marca\/diab\/","name":"N\u00facleos Diab para Materiales Compuestos | Global Composites","isPartOf":{"@id":"https:\/\/www.globalcomposites.es\/fr\/#website"},"datePublished":"2024-11-20T20:15:33+00:00","dateModified":"2024-11-26T01:05:30+00:00","description":"Conoce los productos de Diab, proveedor l\u00edder de n\u00facleos para composites de alto rendimiento, con una trayectoria de m\u00e1s de 70 a\u00f1os en la industria.","breadcrumb":{"@id":"https:\/\/www.globalcomposites.es\/fr\/productos\/marca\/diab\/#breadcrumb"},"inLanguage":"fr-FR","potentialAction":[{"@type":"ReadAction","target":["https:\/\/www.globalcomposites.es\/fr\/productos\/marca\/diab\/"]}]},{"@type":"BreadcrumbList","@id":"https:\/\/www.globalcomposites.es\/fr\/productos\/marca\/diab\/#breadcrumb","itemListElement":[{"@type":"ListItem","position":1,"name":"Home","item":"https:\/\/www.globalcomposites.es\/fr\/"},{"@type":"ListItem","position":2,"name":"Produits","item":"https:\/\/www.globalcomposites.es\/fr\/productos\/"},{"@type":"ListItem","position":3,"name":"Productos por marcas","item":"https:\/\/www.globalcomposites.es\/fr\/productos\/marca\/"},{"@type":"ListItem","position":4,"name":"Diab"}]},{"@type":"WebSite","@id":"https:\/\/www.globalcomposites.es\/fr\/#website","url":"https:\/\/www.globalcomposites.es\/fr\/","name":"[DEV] Global Composites","description":"","publisher":{"@id":"https:\/\/www.globalcomposites.es\/fr\/#organization"},"potentialAction":[{"@type":"SearchAction","target":{"@type":"EntryPoint","urlTemplate":"https:\/\/www.globalcomposites.es\/fr\/?s={search_term_string}"},"query-input":{"@type":"PropertyValueSpecification","valueRequired":true,"valueName":"search_term_string"}}],"inLanguage":"fr-FR"},{"@type":"Organization","@id":"https:\/\/www.globalcomposites.es\/fr\/#organization","name":"[DEV] Global Composites","url":"https:\/\/www.globalcomposites.es\/fr\/","logo":{"@type":"ImageObject","inLanguage":"fr-FR","@id":"https:\/\/www.globalcomposites.es\/fr\/#\/schema\/logo\/image\/","url":"https:\/\/www.globalcomposites.es\/wp-content\/uploads\/2024\/11\/logo.svg","contentUrl":"https:\/\/www.globalcomposites.es\/wp-content\/uploads\/2024\/11\/logo.svg","width":200,"height":68,"caption":"[DEV] Global Composites"},"image":{"@id":"https:\/\/www.globalcomposites.es\/fr\/#\/schema\/logo\/image\/"},"sameAs":["https:\/\/www.facebook.com\/globalcomposites.es","https:\/\/x.com\/Glo_Composites","https:\/\/www.instagram.com\/globalcomposites\/","https:\/\/www.linkedin.com\/company\/global-composites-europe\/"]}]}},"_links":{"self":[{"href":"https:\/\/www.globalcomposites.es\/fr\/wp-json\/wp\/v2\/pages\/51641","targetHints":{"allow":["GET"]}}],"collection":[{"href":"https:\/\/www.globalcomposites.es\/fr\/wp-json\/wp\/v2\/pages"}],"about":[{"href":"https:\/\/www.globalcomposites.es\/fr\/wp-json\/wp\/v2\/types\/page"}],"author":[{"embeddable":true,"href":"https:\/\/www.globalcomposites.es\/fr\/wp-json\/wp\/v2\/users\/1"}],"replies":[{"embeddable":true,"href":"https:\/\/www.globalcomposites.es\/fr\/wp-json\/wp\/v2\/comments?post=51641"}],"version-history":[{"count":1,"href":"https:\/\/www.globalcomposites.es\/fr\/wp-json\/wp\/v2\/pages\/51641\/revisions"}],"predecessor-version":[{"id":51642,"href":"https:\/\/www.globalcomposites.es\/fr\/wp-json\/wp\/v2\/pages\/51641\/revisions\/51642"}],"up":[{"embeddable":true,"href":"https:\/\/www.globalcomposites.es\/fr\/wp-json\/wp\/v2\/pages\/51623"}],"wp:attachment":[{"href":"https:\/\/www.globalcomposites.es\/fr\/wp-json\/wp\/v2\/media?parent=51641"}],"curies":[{"name":"wp","href":"https:\/\/api.w.org\/{rel}","templated":true}]}}